{"id":1373,"date":"2021-06-28T11:13:22","date_gmt":"2021-06-28T11:13:22","guid":{"rendered":"https:\/\/rouge-depannages-electromenagers.fr\/index.php\/home-2\/"},"modified":"2025-07-30T18:51:08","modified_gmt":"2025-07-30T16:51:08","slug":"home-2","status":"publish","type":"page","link":"https:\/\/rouge-depannages-electromenagers.fr\/","title":{"rendered":"Home"},"content":{"rendered":"\n<div class=\"wp-block-uagb-container uagb-block-9b707797 alignfull uagb-is-root-container\"><div class=\"uagb-container-inner-blocks-wrap\">\n<div class=\"wp-block-uagb-container uagb-block-122faca8\">\n<div class=\"wp-block-uagb-info-box uagb-block-d8dcd77f uagb-infobox__content-wrap  uagb-infobox-icon-above-title uagb-infobox-image-valign-top\"><div class=\"uagb-ifb-content\"><div class=\"uagb-ifb-title-wrap\"><h1 class=\"uagb-ifb-title\">R\u00e9parer votre appareil \u00e9lectrom\u00e9nager sur les villes de Chateauneuf-sur-loire 45110, Montargis 45200 et leurs alentours. <\/h1><\/div><p class=\"uagb-ifb-desc\">Un prix adapt\u00e9 pour chaque appareil.<\/p><\/div><\/div>\n<\/div>\n\n\n\n<div class=\"wp-block-uagb-container uagb-block-6a67a0e8\">\n<div class=\"wp-block-uagb-advanced-heading uagb-block-993c81e1\"><h5 class=\"uagb-heading-text\">Contact<\/h5><p class=\"uagb-desc-text\">Veuillez remplir le formulaire<\/p><\/div>\n\n\n<div class=\"wpforms-container wpforms-block wpforms-block-adeb080d-60dd-4731-98d5-513f3037273b\" id=\"wpforms-12\"><form id=\"wpforms-form-12\" class=\"wpforms-validate wpforms-form\" data-formid=\"12\" method=\"post\" enctype=\"multipart\/form-data\" action=\"\/index.php\/wp-json\/wp\/v2\/pages\/1373\" data-token=\"4cf4e6a6c42a919adb2a61b616c50937\"><noscript class=\"wpforms-error-noscript\">Please enable JavaScript in your browser to complete this form.<\/noscript><div class=\"wpforms-field-container\"><div id=\"wpforms-12-field_1-container\" class=\"wpforms-field wpforms-field-name\" data-field-id=\"1\"><label class=\"wpforms-field-label wpforms-label-hide\" for=\"wpforms-12-field_1\">Nom <span class=\"wpforms-required-label\">*<\/span><\/label><input type=\"text\" id=\"wpforms-12-field_1\" class=\"wpforms-field-large wpforms-field-required\" name=\"wpforms[fields][1]\" placeholder=\"Votre nom\" required><\/div><div id=\"wpforms-12-field_2-container\" class=\"wpforms-field wpforms-field-email\" data-field-id=\"2\"><label class=\"wpforms-field-label wpforms-label-hide\" for=\"wpforms-12-field_2\">Email <span class=\"wpforms-required-label\">*<\/span><\/label><input type=\"email\" id=\"wpforms-12-field_2\" class=\"wpforms-field-large wpforms-field-required\" name=\"wpforms[fields][2]\" placeholder=\"Votre Email\" spellcheck=\"false\" required><\/div><div id=\"wpforms-12-field_3-container\" class=\"wpforms-field wpforms-field-number\" data-field-id=\"3\"><label class=\"wpforms-field-label wpforms-label-hide\" for=\"wpforms-12-field_3\">T\u00e9l\u00e9phone<\/label><input type=\"number\" pattern=\"\\d*\" id=\"wpforms-12-field_3\" class=\"wpforms-field-large\" name=\"wpforms[fields][3]\" placeholder=\"Votre num\u00e9ro de t\u00e9l\u00e9phone\" ><\/div><div id=\"wpforms-12-field_5-container\" class=\"wpforms-field wpforms-field-textarea\" data-field-id=\"5\"><label class=\"wpforms-field-label wpforms-label-hide\" for=\"wpforms-12-field_5\">Commentaire <span class=\"wpforms-required-label\">*<\/span><\/label><textarea id=\"wpforms-12-field_5\" class=\"wpforms-field-medium wpforms-field-required\" name=\"wpforms[fields][5]\" placeholder=\"Votre Message\" required><\/textarea><\/div><\/div><!-- .wpforms-field-container --><div class=\"wpforms-submit-container\" ><input type=\"hidden\" name=\"wpforms[id]\" value=\"12\"><input type=\"hidden\" name=\"wpforms[author]\" value=\"1\"><button type=\"submit\" name=\"wpforms[submit]\" id=\"wpforms-submit-12\" class=\"wpforms-submit\" data-alt-text=\"Envoi...\" data-submit-text=\"Envoyer mon message\" aria-live=\"assertive\" value=\"wpforms-submit\">Envoyer mon message<\/button><\/div><\/form><\/div>  <!-- .wpforms-container --><\/div>\n<\/div><\/div>\n\n\n\n<div class=\"wp-block-uagb-container uagb-block-89c2ee0a alignfull uagb-is-root-container\"><div class=\"uagb-container-inner-blocks-wrap\">\n<div class=\"wp-block-uagb-container uagb-block-9ee7e22e\">\n<div class=\"wp-block-uagb-advanced-heading uagb-block-5e449d13\"><h2 class=\"uagb-heading-text\">Intervention \u00e0 domicile<\/h2><p class=\"uagb-desc-text\">Pour l\u2019\u00e9lectrom\u00e9nager volumineux ou pour tout article que vous ne pouvez pas d\u00e9poser en magasin,&nbsp;<strong>nos r\u00e9parateurs font le d\u00e9placement jusqu\u2019\u00e0 vous<\/strong>. Apr\u00e8s avoir pris rendez-vous selon les disponibilit\u00e9s qui vous conviennent,&nbsp;un technicien proc\u00e8de au diagnostic pour d\u00e9terminer l\u2019origine de la panne ou de&nbsp;l\u2019anomalie.&nbsp;<\/p><div class=\"uagb-separator\"><\/div><\/div>\n<\/div>\n<\/div><\/div>\n\n\n\n<div class=\"wp-block-uagb-container uagb-block-b6f93ec2 alignfull uagb-is-root-container\"><div class=\"uagb-container-inner-blocks-wrap\">\n<div class=\"wp-block-uagb-container uagb-block-f0b55944\">\n<div class=\"wp-block-uagb-advanced-heading uagb-block-5b6110c8\"><h2 class=\"uagb-heading-text\">Pourquoi nous ?<\/h2><\/div>\n<\/div>\n\n\n\n<div class=\"wp-block-uagb-container uagb-block-6b1565b9\">\n<div class=\"wp-block-uagb-info-box uagb-block-0d5d382c uagb-infobox__content-wrap  uagb-infobox-icon-above-title uagb-infobox-image-valign-top\"><div class=\"uagb-ifb-content\"><div class=\"uagb-ifb-icon-wrap\"><svg xmlns=\"https:\/\/www.w3.org\/2000\/svg\" viewBox=\"0 0 512 512\"><path d=\"M256-.0078C260.7-.0081 265.2 1.008 269.4 2.913L457.7 82.79C479.7 92.12 496.2 113.8 496 139.1C495.5 239.2 454.7 420.7 282.4 503.2C265.7 511.1 246.3 511.1 229.6 503.2C57.25 420.7 16.49 239.2 15.1 139.1C15.87 113.8 32.32 92.12 54.3 82.79L242.7 2.913C246.8 1.008 251.4-.0081 256-.0078V-.0078zM256 444.8C393.1 378 431.1 230.1 432 141.4L256 66.77L256 444.8z\"><\/path><\/svg><\/div><div class=\"uagb-ifb-title-wrap\"><h6 class=\"uagb-ifb-title\">Des r\u00e9parateurs locaux &amp; exp\u00e9riment\u00e9s<\/h6><\/div><\/div><\/div>\n<\/div>\n\n\n\n<div class=\"wp-block-uagb-container uagb-block-152e220e\">\n<div class=\"wp-block-uagb-info-box uagb-block-81fb091d uagb-infobox__content-wrap  uagb-infobox-icon-above-title uagb-infobox-image-valign-top\"><div class=\"uagb-ifb-content\"><div class=\"uagb-ifb-icon-wrap\"><svg xmlns=\"https:\/\/www.w3.org\/2000\/svg\" viewBox=\"0 0 512 512\"><path d=\"M256-.0078C260.7-.0081 265.2 1.008 269.4 2.913L457.7 82.79C479.7 92.12 496.2 113.8 496 139.1C495.5 239.2 454.7 420.7 282.4 503.2C265.7 511.1 246.3 511.1 229.6 503.2C57.25 420.7 16.49 239.2 15.1 139.1C15.87 113.8 32.32 92.12 54.3 82.79L242.7 2.913C246.8 1.008 251.4-.0081 256-.0078V-.0078zM256 444.8C393.1 378 431.1 230.1 432 141.4L256 66.77L256 444.8z\"><\/path><\/svg><\/div><div class=\"uagb-ifb-title-wrap\"><h6 class=\"uagb-ifb-title\">Des Forfaits R\u00e9paration adapt\u00e9s pour chaque appareil<\/h6><\/div><\/div><\/div>\n<\/div>\n\n\n\n<div class=\"wp-block-uagb-container uagb-block-fe79f925\">\n<div class=\"wp-block-uagb-info-box uagb-block-28f0e45c uagb-infobox__content-wrap  uagb-infobox-icon-above-title uagb-infobox-image-valign-top\"><div class=\"uagb-ifb-content\"><div class=\"uagb-ifb-icon-wrap\"><svg xmlns=\"https:\/\/www.w3.org\/2000\/svg\" viewBox=\"0 0 512 512\"><path d=\"M256-.0078C260.7-.0081 265.2 1.008 269.4 2.913L457.7 82.79C479.7 92.12 496.2 113.8 496 139.1C495.5 239.2 454.7 420.7 282.4 503.2C265.7 511.1 246.3 511.1 229.6 503.2C57.25 420.7 16.49 239.2 15.1 139.1C15.87 113.8 32.32 92.12 54.3 82.79L242.7 2.913C246.8 1.008 251.4-.0081 256-.0078V-.0078zM256 444.8C393.1 378 431.1 230.1 432 141.4L256 66.77L256 444.8z\"><\/path><\/svg><\/div><div class=\"uagb-ifb-title-wrap\"><h6 class=\"uagb-ifb-title\">Nos r\u00e9parateurs sont form\u00e9s pour intervenir sur les appareils de toutes les marques<\/h6><\/div><\/div><\/div>\n<\/div>\n<\/div><\/div>\n\n\n\n<div class=\"wp-block-uagb-container uag-blocks-common-selector uagb-block-e2c23caf alignfull uagb-is-root-container\"><div class=\"uagb-container-inner-blocks-wrap\"><\/div><\/div>\n","protected":false},"excerpt":{"rendered":"<p>Contact Veuillez remplir le formulaire Intervention \u00e0 domicile Pour l\u2019\u00e9lectrom\u00e9nager volumineux ou pour tout article que vous ne pouvez pas d\u00e9poser en magasin,&nbsp;nos r\u00e9parateurs font le d\u00e9placement jusqu\u2019\u00e0 vous. Apr\u00e8s avoir pris rendez-vous selon les disponibilit\u00e9s qui vous conviennent,&nbsp;un technicien proc\u00e8de au diagnostic pour d\u00e9terminer l\u2019origine de la panne ou de&nbsp;l\u2019anomalie.&nbsp; Pourquoi nous ?<\/p>\n","protected":false},"author":1,"featured_media":0,"parent":0,"menu_order":0,"comment_status":"closed","ping_status":"closed","template":"","meta":{"_uag_custom_page_level_css":"","site-sidebar-layout":"no-sidebar","site-content-layout":"page-builder","ast-global-header-display":"","ast-banner-title-visibility":"","ast-main-header-display":"","ast-hfb-above-header-display":"","ast-hfb-below-header-display":"","ast-hfb-mobile-header-display":"","site-post-title":"disabled","ast-breadcrumbs-content":"","ast-featured-img":"disabled","footer-sml-layout":"","theme-transparent-header-meta":"default","adv-header-id-meta":"","stick-header-meta":"","header-above-stick-meta":"","header-main-stick-meta":"","header-below-stick-meta":"","footnotes":""},"class_list":["post-1373","page","type-page","status-publish","hentry"],"uagb_featured_image_src":{"full":false,"thumbnail":false,"medium":false,"medium_large":false,"large":false,"1536x1536":false,"2048x2048":false},"uagb_author_info":{"display_name":"admin8233","author_link":"https:\/\/rouge-depannages-electromenagers.fr\/index.php\/author\/admin8233\/"},"uagb_comment_info":0,"uagb_excerpt":"Contact Veuillez remplir le formulaire Intervention \u00e0 domicile Pour l\u2019\u00e9lectrom\u00e9nager volumineux ou pour tout article que vous ne pouvez pas d\u00e9poser en magasin,&nbsp;nos r\u00e9parateurs font le d\u00e9placement jusqu\u2019\u00e0 vous. Apr\u00e8s avoir pris rendez-vous selon les disponibilit\u00e9s qui vous conviennent,&nbsp;un technicien proc\u00e8de au diagnostic pour d\u00e9terminer l\u2019origine de la panne ou de&nbsp;l\u2019anomalie.&nbsp; Pourquoi nous ?","_links":{"self":[{"href":"https:\/\/rouge-depannages-electromenagers.fr\/index.php\/wp-json\/wp\/v2\/pages\/1373","targetHints":{"allow":["GET"]}}],"collection":[{"href":"https:\/\/rouge-depannages-electromenagers.fr\/index.php\/wp-json\/wp\/v2\/pages"}],"about":[{"href":"https:\/\/rouge-depannages-electromenagers.fr\/index.php\/wp-json\/wp\/v2\/types\/page"}],"author":[{"embeddable":true,"href":"https:\/\/rouge-depannages-electromenagers.fr\/index.php\/wp-json\/wp\/v2\/users\/1"}],"replies":[{"embeddable":true,"href":"https:\/\/rouge-depannages-electromenagers.fr\/index.php\/wp-json\/wp\/v2\/comments?post=1373"}],"version-history":[{"count":14,"href":"https:\/\/rouge-depannages-electromenagers.fr\/index.php\/wp-json\/wp\/v2\/pages\/1373\/revisions"}],"predecessor-version":[{"id":1616,"href":"https:\/\/rouge-depannages-electromenagers.fr\/index.php\/wp-json\/wp\/v2\/pages\/1373\/revisions\/1616"}],"wp:attachment":[{"href":"https:\/\/rouge-depannages-electromenagers.fr\/index.php\/wp-json\/wp\/v2\/media?parent=1373"}],"curies":[{"name":"wp","href":"https:\/\/api.w.org\/{rel}","templated":true}]}}